{"id":6145,"date":"2025-02-10T14:19:36","date_gmt":"2025-02-10T14:19:36","guid":{"rendered":"https:\/\/lolrent.ch\/pie-de-imprenta\/"},"modified":"2025-04-11T12:03:28","modified_gmt":"2025-04-11T12:03:28","slug":"pie-de-imprenta","status":"publish","type":"page","link":"https:\/\/lolrent.ch\/es\/pie-de-imprenta\/","title":{"rendered":"Pie de imprenta"},"content":{"rendered":"<p>[et_pb_section fb_built=\u00bb1&#8243; admin_label=\u00bbHero\u00bb _builder_version=\u00bb4.27.2&#8243; background_color=\u00bb#000000&#8243; use_background_color_gradient=\u00bbon\u00bb background_color_gradient_direction=\u00bb118deg\u00bb background_color_gradient_stops=\u00bb#063661 0%|rgba(43,78,136,0.67) 100%\u00bb background_color_gradient_overlays_image=\u00bbon\u00bb background_color_gradient_start=\u00bb#063661&#8243; background_color_gradient_end=\u00bbrgba(43,78,136,0.67)\u00bb background_image=\u00bbhttp:\/\/lolrent.ch\/wp-content\/uploads\/2024\/11\/car-dealer-35.jpg\u00bb custom_padding=\u00bb90px|0px|0|0px|false|false\u00bb bottom_divider_style=\u00bbslant2&#8243; bottom_divider_color=\u00bb#f97400&#8243; bottom_divider_height=\u00bb260px\u00bb bottom_divider_flip=\u00bbvertical\u00bb bottom_divider_height_tablet=\u00bb\u00bb bottom_divider_height_phone=\u00bb90px\u00bb bottom_divider_height_last_edited=\u00bbon|desktop\u00bb global_colors_info=\u00bb{}\u00bb][et_pb_row column_structure=\u00bb1_3,2_3&#8243; use_custom_gutter=\u00bbon\u00bb gutter_width=\u00bb2&#8243; _builder_version=\u00bb4.16&#8243; max_width=\u00bb1440px\u00bb custom_padding=\u00bb||0px|||\u00bb use_custom_width=\u00bbon\u00bb custom_width_px=\u00bb1440px\u00bb global_colors_info=\u00bb{}\u00bb][et_pb_column type=\u00bb1_3&#8243; _builder_version=\u00bb4.16&#8243; custom_padding=\u00bb||40px|\u00bb custom_padding_tablet=\u00bb||0px|\u00bb custom_padding_phone=\u00bb||0px|\u00bb custom_padding_last_edited=\u00bbon|tablet\u00bb global_colors_info=\u00bb{}\u00bb padding_tablet=\u00bb||0px|\u00bb padding_last_edited=\u00bbon|tablet\u00bb custom_padding__hover=\u00bb|||\u00bb padding_phone=\u00bb||0px|\u00bb][et_pb_text _builder_version=\u00bb4.27.4&#8243; text_font=\u00bb||||||||\u00bb header_font=\u00bbJosefin Sans|700|||||||\u00bb header_font_size=\u00bb60px\u00bb header_line_height=\u00bb1.4em\u00bb header_2_font=\u00bb||||||||\u00bb background_layout=\u00bbdark\u00bb max_width=\u00bb100%\u00bb module_alignment=\u00bbcenter\u00bb custom_margin=\u00bb|7px|-17px|||\u00bb custom_padding=\u00bb|0px||||\u00bb animation_style=\u00bbfade\u00bb header_font_size_tablet=\u00bb50px\u00bb header_font_size_phone=\u00bb34px\u00bb header_font_size_last_edited=\u00bbon|phone\u00bb global_colors_info=\u00bb{}\u00bb]<\/p>\n<h1 style=\"text-align: center;\">Pie de imprenta<\/h1>\n<p>[\/et_pb_text][\/et_pb_column][et_pb_column type=\u00bb2_3&#8243; _builder_version=\u00bb4.16&#8243; custom_padding=\u00bb60px|||\u00bb custom_padding_tablet=\u00bb0px|||\u00bb custom_padding_phone=\u00bb0px|||\u00bb custom_padding_last_edited=\u00bbon|tablet\u00bb global_colors_info=\u00bb{}\u00bb padding_tablet=\u00bb0px|||\u00bb padding_last_edited=\u00bbon|tablet\u00bb custom_padding__hover=\u00bb|||\u00bb padding_phone=\u00bb0px|||\u00bb][\/et_pb_column][\/et_pb_row][et_pb_row column_structure=\u00bb1_3,2_3&#8243; use_custom_gutter=\u00bbon\u00bb gutter_width=\u00bb2&#8243; _builder_version=\u00bb4.16&#8243; max_width=\u00bb1440px\u00bb custom_padding=\u00bb|||\u00bb use_custom_width=\u00bbon\u00bb custom_width_px=\u00bb1440px\u00bb global_colors_info=\u00bb{}\u00bb][et_pb_column type=\u00bb1_3&#8243; _builder_version=\u00bb4.16&#8243; custom_padding=\u00bb||40px|\u00bb custom_padding_tablet=\u00bb||0px|\u00bb custom_padding_phone=\u00bb||0px|\u00bb custom_padding_last_edited=\u00bbon|tablet\u00bb global_colors_info=\u00bb{}\u00bb padding_tablet=\u00bb||0px|\u00bb padding_last_edited=\u00bbon|tablet\u00bb custom_padding__hover=\u00bb|||\u00bb padding_phone=\u00bb||0px|\u00bb][\/et_pb_column][et_pb_column type=\u00bb2_3&#8243; _builder_version=\u00bb4.16&#8243; custom_padding=\u00bb60px|||\u00bb custom_padding_tablet=\u00bb0px|||\u00bb custom_padding_phone=\u00bb0px|||\u00bb custom_padding_last_edited=\u00bbon|tablet\u00bb global_colors_info=\u00bb{}\u00bb padding_tablet=\u00bb0px|||\u00bb padding_last_edited=\u00bbon|tablet\u00bb custom_padding__hover=\u00bb|||\u00bb padding_phone=\u00bb0px|||\u00bb][et_pb_image src=\u00bbhttp:\/\/lolrent.ch\/wp-content\/uploads\/2024\/11\/citroen-jumpy-clipart-xl.png\u00bb title_text=\u00bbcitroen-jumpy-clipart-xl\u00bb show_bottom_space=\u00bboff\u00bb force_fullwidth=\u00bbon\u00bb align_tablet=\u00bbcenter\u00bb align_phone=\u00bbcenter\u00bb align_last_edited=\u00bbon|desktop\u00bb _builder_version=\u00bb4.27.2&#8243; custom_margin=\u00bb|||\u00bb animation_style=\u00bbzoom\u00bb animation_direction=\u00bbright\u00bb animation_intensity_zoom=\u00bb2%\u00bb global_colors_info=\u00bb{}\u00bb][\/et_pb_image][\/et_pb_column][\/et_pb_row][\/et_pb_section][et_pb_section fb_built=\u00bb1&#8243; admin_label=\u00bbFooter\u00bb _builder_version=\u00bb4.27.2&#8243; background_color=\u00bb#f97400&#8243; background_enable_image=\u00bboff\u00bb custom_padding=\u00bb54px|0px|54px|0px|false|false\u00bb global_colors_info=\u00bb{}\u00bb][et_pb_row _builder_version=\u00bb4.16&#8243; locked=\u00bboff\u00bb global_colors_info=\u00bb{}\u00bb][et_pb_column type=\u00bb4_4&#8243; _builder_version=\u00bb4.16&#8243; custom_padding=\u00bb|||\u00bb global_colors_info=\u00bb{}\u00bb custom_padding__hover=\u00bb|||\u00bb][et_pb_text _builder_version=\u00bb4.27.4&#8243; _module_preset=\u00bbdefault\u00bb text_font_size=\u00bb16px\u00bb background_color=\u00bb#FFFFFF\u00bb custom_padding=\u00bb20px|20px|20px|20px|false|false\u00bb global_colors_info=\u00bb{}\u00bb]<\/p>\n<p><strong>Contacto<\/strong><br \/>DoSa Sandu<br \/>Daniel Doban<br \/>Gantrischstrasse 71<br \/>3600 Thun<br \/>info@lolrent.ch<br \/>+41 79 836 30 39<\/p>\n<p><strong>Concepto, dise\u00f1o web y realizaci\u00f3n<\/strong><br \/>Humark GmbH<br \/>Aarbord 28<br \/>3628 Uttigen<br \/>www.humark.ch<br \/>frage@humark.ch<\/p>\n<p><strong>Inscripci\u00f3n en el registro mercantil<\/strong><br \/>Raz\u00f3n social: DoSa Sandu<br \/>N\u00famero:CHE-299.552.278<br \/>Oficina del registro mercantil: Berna<br \/>Personas autorizadas para representar a la empresa: Monika Sandu-Doban, <span>Daniel Doban<\/span><\/p>\n<p>[\/et_pb_text][\/et_pb_column][\/et_pb_row][\/et_pb_section]<\/p>\n","protected":false},"excerpt":{"rendered":"<p>Pie de imprentaContactoDoSa SanduDaniel DobanGantrischstrasse 713600 Thuninfo@lolrent.ch+41 79 836 30 39 Concepto, dise\u00f1o web y realizaci\u00f3nHumark GmbHAarbord 283628 Uttigenwww.humark.chfrage@humark.ch Inscripci\u00f3n en el registro mercantilRaz\u00f3n social: DoSa SanduN\u00famero:CHE-299.552.278Oficina del registro mercantil: BernaPersonas autorizadas para representar a la empresa: Monika Sandu-Doban, Daniel Doban<\/p>\n","protected":false},"author":1,"featured_media":0,"parent":0,"menu_order":0,"comment_status":"closed","ping_status":"closed","template":"","meta":{"_et_pb_use_builder":"on","_et_pb_old_content":"","_et_gb_content_width":"","footnotes":""},"class_list":["post-6145","page","type-page","status-publish","hentry"],"yoast_head":"<!-- This site is optimized with the Yoast SEO plugin v24.6 - https:\/\/yoast.com\/wordpress\/plugins\/seo\/ -->\n<title>Pie de imprenta - Transporter mieten Bern, Thun &amp; Z\u00fcrich - lolrent.ch<\/title>\n<meta name=\"robots\" content=\"index, follow, max-snippet:-1, max-image-preview:large, max-video-preview:-1\" \/>\n<link rel=\"canonical\" href=\"https:\/\/lolrent.ch\/es\/pie-de-imprenta\/\" \/>\n<meta property=\"og:locale\" content=\"es_ES\" \/>\n<meta property=\"og:type\" content=\"article\" \/>\n<meta property=\"og:title\" content=\"Pie de imprenta - Transporter mieten Bern, Thun &amp; Z\u00fcrich - lolrent.ch\" \/>\n<meta property=\"og:description\" content=\"Pie de imprentaContactoDoSa SanduDaniel DobanGantrischstrasse 713600 Thuninfo@lolrent.ch+41 79 836 30 39 Concepto, dise\u00f1o web y realizaci\u00f3nHumark GmbHAarbord 283628 Uttigenwww.humark.chfrage@humark.ch Inscripci\u00f3n en el registro mercantilRaz\u00f3n social: DoSa SanduN\u00famero:CHE-299.552.278Oficina del registro mercantil: BernaPersonas autorizadas para representar a la empresa: Monika Sandu-Doban, Daniel Doban\" \/>\n<meta property=\"og:url\" content=\"https:\/\/lolrent.ch\/es\/pie-de-imprenta\/\" \/>\n<meta property=\"og:site_name\" content=\"Transporter mieten Bern, Thun &amp; Z\u00fcrich - lolrent.ch\" \/>\n<meta property=\"article:modified_time\" content=\"2025-04-11T12:03:28+00:00\" \/>\n<meta name=\"twitter:card\" content=\"summary_large_image\" \/>\n<meta name=\"twitter:label1\" content=\"Tiempo de lectura\" \/>\n\t<meta name=\"twitter:data1\" content=\"3 minutos\" \/>\n<script type=\"application\/ld+json\" class=\"yoast-schema-graph\">{\"@context\":\"https:\/\/schema.org\",\"@graph\":[{\"@type\":\"WebPage\",\"@id\":\"https:\/\/lolrent.ch\/es\/pie-de-imprenta\/\",\"url\":\"https:\/\/lolrent.ch\/es\/pie-de-imprenta\/\",\"name\":\"Pie de imprenta - Transporter mieten Bern, Thun &amp; Z\u00fcrich - lolrent.ch\",\"isPartOf\":{\"@id\":\"https:\/\/lolrent.ch\/es\/#website\"},\"datePublished\":\"2025-02-10T14:19:36+00:00\",\"dateModified\":\"2025-04-11T12:03:28+00:00\",\"breadcrumb\":{\"@id\":\"https:\/\/lolrent.ch\/es\/pie-de-imprenta\/#breadcrumb\"},\"inLanguage\":\"es\",\"potentialAction\":[{\"@type\":\"ReadAction\",\"target\":[\"https:\/\/lolrent.ch\/es\/pie-de-imprenta\/\"]}]},{\"@type\":\"BreadcrumbList\",\"@id\":\"https:\/\/lolrent.ch\/es\/pie-de-imprenta\/#breadcrumb\",\"itemListElement\":[{\"@type\":\"ListItem\",\"position\":1,\"name\":\"Startseite\",\"item\":\"https:\/\/lolrent.ch\/es\/\"},{\"@type\":\"ListItem\",\"position\":2,\"name\":\"Pie de imprenta\"}]},{\"@type\":\"WebSite\",\"@id\":\"https:\/\/lolrent.ch\/es\/#website\",\"url\":\"https:\/\/lolrent.ch\/es\/\",\"name\":\"Transporter mieten Bern, Thun &amp; Z\u00fcrich - lolrent.ch\",\"description\":\"\",\"potentialAction\":[{\"@type\":\"SearchAction\",\"target\":{\"@type\":\"EntryPoint\",\"urlTemplate\":\"https:\/\/lolrent.ch\/es\/?s={search_term_string}\"},\"query-input\":{\"@type\":\"PropertyValueSpecification\",\"valueRequired\":true,\"valueName\":\"search_term_string\"}}],\"inLanguage\":\"es\"}]}<\/script>\n<!-- \/ Yoast SEO plugin. -->","yoast_head_json":{"title":"Pie de imprenta - Transporter mieten Bern, Thun &amp; Z\u00fcrich - lolrent.ch","robots":{"index":"index","follow":"follow","max-snippet":"max-snippet:-1","max-image-preview":"max-image-preview:large","max-video-preview":"max-video-preview:-1"},"canonical":"https:\/\/lolrent.ch\/es\/pie-de-imprenta\/","og_locale":"es_ES","og_type":"article","og_title":"Pie de imprenta - Transporter mieten Bern, Thun &amp; Z\u00fcrich - lolrent.ch","og_description":"Pie de imprentaContactoDoSa SanduDaniel DobanGantrischstrasse 713600 Thuninfo@lolrent.ch+41 79 836 30 39 Concepto, dise\u00f1o web y realizaci\u00f3nHumark GmbHAarbord 283628 Uttigenwww.humark.chfrage@humark.ch Inscripci\u00f3n en el registro mercantilRaz\u00f3n social: DoSa SanduN\u00famero:CHE-299.552.278Oficina del registro mercantil: BernaPersonas autorizadas para representar a la empresa: Monika Sandu-Doban, Daniel Doban","og_url":"https:\/\/lolrent.ch\/es\/pie-de-imprenta\/","og_site_name":"Transporter mieten Bern, Thun &amp; Z\u00fcrich - lolrent.ch","article_modified_time":"2025-04-11T12:03:28+00:00","twitter_card":"summary_large_image","twitter_misc":{"Tiempo de lectura":"3 minutos"},"schema":{"@context":"https:\/\/schema.org","@graph":[{"@type":"WebPage","@id":"https:\/\/lolrent.ch\/es\/pie-de-imprenta\/","url":"https:\/\/lolrent.ch\/es\/pie-de-imprenta\/","name":"Pie de imprenta - Transporter mieten Bern, Thun &amp; Z\u00fcrich - lolrent.ch","isPartOf":{"@id":"https:\/\/lolrent.ch\/es\/#website"},"datePublished":"2025-02-10T14:19:36+00:00","dateModified":"2025-04-11T12:03:28+00:00","breadcrumb":{"@id":"https:\/\/lolrent.ch\/es\/pie-de-imprenta\/#breadcrumb"},"inLanguage":"es","potentialAction":[{"@type":"ReadAction","target":["https:\/\/lolrent.ch\/es\/pie-de-imprenta\/"]}]},{"@type":"BreadcrumbList","@id":"https:\/\/lolrent.ch\/es\/pie-de-imprenta\/#breadcrumb","itemListElement":[{"@type":"ListItem","position":1,"name":"Startseite","item":"https:\/\/lolrent.ch\/es\/"},{"@type":"ListItem","position":2,"name":"Pie de imprenta"}]},{"@type":"WebSite","@id":"https:\/\/lolrent.ch\/es\/#website","url":"https:\/\/lolrent.ch\/es\/","name":"Transporter mieten Bern, Thun &amp; Z\u00fcrich - lolrent.ch","description":"","potentialAction":[{"@type":"SearchAction","target":{"@type":"EntryPoint","urlTemplate":"https:\/\/lolrent.ch\/es\/?s={search_term_string}"},"query-input":{"@type":"PropertyValueSpecification","valueRequired":true,"valueName":"search_term_string"}}],"inLanguage":"es"}]}},"_links":{"self":[{"href":"https:\/\/lolrent.ch\/es\/wp-json\/wp\/v2\/pages\/6145","targetHints":{"allow":["GET"]}}],"collection":[{"href":"https:\/\/lolrent.ch\/es\/wp-json\/wp\/v2\/pages"}],"about":[{"href":"https:\/\/lolrent.ch\/es\/wp-json\/wp\/v2\/types\/page"}],"author":[{"embeddable":true,"href":"https:\/\/lolrent.ch\/es\/wp-json\/wp\/v2\/users\/1"}],"replies":[{"embeddable":true,"href":"https:\/\/lolrent.ch\/es\/wp-json\/wp\/v2\/comments?post=6145"}],"version-history":[{"count":1,"href":"https:\/\/lolrent.ch\/es\/wp-json\/wp\/v2\/pages\/6145\/revisions"}],"predecessor-version":[{"id":6146,"href":"https:\/\/lolrent.ch\/es\/wp-json\/wp\/v2\/pages\/6145\/revisions\/6146"}],"wp:attachment":[{"href":"https:\/\/lolrent.ch\/es\/wp-json\/wp\/v2\/media?parent=6145"}],"curies":[{"name":"wp","href":"https:\/\/api.w.org\/{rel}","templated":true}]}}