{"id":6250,"date":"2025-02-05T10:40:09","date_gmt":"2025-02-05T10:40:09","guid":{"rendered":"https:\/\/lolrent.ch\/video\/"},"modified":"2026-03-31T12:39:20","modified_gmt":"2026-03-31T12:39:20","slug":"video","status":"publish","type":"page","link":"https:\/\/lolrent.ch\/es\/video\/","title":{"rendered":"V\u00eddeo"},"content":{"rendered":"<p>[et_pb_section fb_built=\u00bb1&#8243; admin_label=\u00bbHero\u00bb _builder_version=\u00bb4.27.2&#8243; background_color=\u00bb#000000&#8243; use_background_color_gradient=\u00bbon\u00bb background_color_gradient_direction=\u00bb118deg\u00bb background_color_gradient_stops=\u00bb#063661 0%|rgba(43,78,136,0.67) 100%\u00bb background_color_gradient_overlays_image=\u00bbon\u00bb background_color_gradient_start=\u00bb#063661&#8243; background_color_gradient_end=\u00bbrgba(43,78,136,0.67)\u00bb background_image=\u00bbhttps:\/\/lolrent.ch\/wp-content\/uploads\/2024\/11\/car-dealer-35.jpg\u00bb custom_padding=\u00bb90px|0px|0|0px|false|false\u00bb bottom_divider_style=\u00bbslant2&#8243; bottom_divider_color=\u00bb#f97400&#8243; bottom_divider_height=\u00bb260px\u00bb bottom_divider_flip=\u00bbvertical\u00bb bottom_divider_height_tablet=\u00bb\u00bb bottom_divider_height_phone=\u00bb90px\u00bb bottom_divider_height_last_edited=\u00bbon|desktop\u00bb global_colors_info=\u00bb{}\u00bb][et_pb_row column_structure=\u00bb1_2,1_2&#8243; use_custom_gutter=\u00bbon\u00bb gutter_width=\u00bb2&#8243; _builder_version=\u00bb4.16&#8243; max_width=\u00bb1440px\u00bb custom_padding=\u00bb||0px|||\u00bb use_custom_width=\u00bbon\u00bb custom_width_px=\u00bb1440px\u00bb global_colors_info=\u00bb{}\u00bb][et_pb_column type=\u00bb1_2&#8243; _builder_version=\u00bb4.16&#8243; custom_padding=\u00bb||40px|\u00bb custom_padding_tablet=\u00bb||0px|\u00bb custom_padding_phone=\u00bb||0px|\u00bb custom_padding_last_edited=\u00bbon|tablet\u00bb global_colors_info=\u00bb{}\u00bb padding_tablet=\u00bb||0px|\u00bb padding_last_edited=\u00bbon|tablet\u00bb custom_padding__hover=\u00bb|||\u00bb padding_phone=\u00bb||0px|\u00bb][et_pb_text _builder_version=\u00bb4.27.4&#8243; text_font=\u00bb||||||||\u00bb header_font=\u00bbJosefin Sans|700|||||||\u00bb header_font_size=\u00bb60px\u00bb header_line_height=\u00bb1.4em\u00bb header_2_font=\u00bb||||||||\u00bb background_layout=\u00bbdark\u00bb max_width=\u00bb100%\u00bb module_alignment=\u00bbcenter\u00bb custom_margin=\u00bb|7px|-17px|||\u00bb custom_padding=\u00bb|0px||||\u00bb animation_style=\u00bbfade\u00bb header_font_size_tablet=\u00bb50px\u00bb header_font_size_phone=\u00bb34px\u00bb header_font_size_last_edited=\u00bbon|phone\u00bb global_colors_info=\u00bb{}\u00bb]<\/p>\n<h1 style=\"text-align: left;\">V\u00eddeo<\/h1>\n<p>[\/et_pb_text][et_pb_text _builder_version=\u00bb4.27.4&#8243; _module_preset=\u00bbdefault\u00bb text_font=\u00bbJosefin Sans||||||||\u00bb text_text_color=\u00bb#f97400&#8243; text_font_size=\u00bb18px\u00bb link_font=\u00bbJosefin Sans||||||||\u00bb link_text_color=\u00bb#f97400&#8243; link_font_size=\u00bb18px\u00bb custom_padding=\u00bb||119px|||\u00bb global_colors_info=\u00bb{}\u00bb]<\/p>\n<ul>\n<li>Ver el v\u00eddeo explicativo<\/li>\n<li>Recibir\u00e1s el c\u00f3digo del veh\u00edculo por correo electr\u00f3nico 2 horas antes del inicio del alquiler<\/li>\n<li>Hay una caja con la llave en la puerta trasera<\/li>\n<li>Puedes abrir la caja con el c\u00f3digo<\/li>\n<li>Haz un breve v\u00eddeo del veh\u00edculo (vista exterior) antes del viaje y env\u00edanoslo por c\u00f3digo QR\/WhatsApp<\/li>\n<li>Ten en cuenta los horarios reservados, los retrasos de m\u00e1s de 10 minutos cuestan 300 CHF.<\/li>\n<li>Cuando hayas terminado, debes repostar gas\u00f3leo hasta que haga \u00abclic\u00bb. Por favor, haz una foto de la factura y env\u00edanosla por c\u00f3digo QR\/WhatsApp (la multa es de 150 CHF) <\/li>\n<li>Cierra las ventanas, las puertas y apaga las luces (la multa es de 300 CHF)<\/li>\n<li>Limpiar el veh\u00edculo (la multa es de 150 CHF)<\/li>\n<li>Vuelve a meter la llave en la caja y aseg\u00farate de que est\u00e1 cerrada.<\/li>\n<li>Haz otro v\u00eddeo corto del veh\u00edculo (vista exterior) y env\u00edanoslo<\/li>\n<li>Todos nuestros aparcamientos est\u00e1n videovigilados<\/li>\n<li>Todos nuestros veh\u00edculos disponen de localizador GPS<\/li>\n<li>Si tienes alguna pregunta o problema, ponte en contacto con nosotros en: <a href=\"tel:0798363039\">0798363039,<\/a> de 07:00 a 22:00 todos los d\u00edas<\/li>\n<\/ul>\n<p>[\/et_pb_text][\/et_pb_column][et_pb_column type=\u00bb1_2&#8243; _builder_version=\u00bb4.16&#8243; custom_padding=\u00bb60px|||\u00bb custom_padding_tablet=\u00bb0px|||\u00bb custom_padding_phone=\u00bb0px|||\u00bb custom_padding_last_edited=\u00bbon|tablet\u00bb global_colors_info=\u00bb{}\u00bb padding_tablet=\u00bb0px|||\u00bb padding_last_edited=\u00bbon|tablet\u00bb custom_padding__hover=\u00bb|||\u00bb padding_phone=\u00bb0px|||\u00bb][et_pb_button button_url=\u00bbhttps:\/\/youtube.com\/shorts\/MPTw0-oJ0zA?feature=share\u00bb button_text=\u00bbVer el v\u00eddeo en YouTube\u00bb button_alignment=\u00bbcenter\u00bb button_alignment_tablet=\u00bbcenter\u00bb button_alignment_phone=\u00bbcenter\u00bb button_alignment_last_edited=\u00bbon|phone\u00bb disabled_on=\u00bboff|off|off\u00bb _builder_version=\u00bb4.27.4&#8243; _module_preset=\u00bbdefault\u00bb custom_button=\u00bbon\u00bb button_text_size=\u00bb20px\u00bb button_text_color=\u00bb#FFFFFF\u00bb button_bg_color=\u00bb#f97400&#8243; button_border_width=\u00bb4px\u00bb button_border_color=\u00bb#f97400&#8243; button_font=\u00bbJosefin Sans|600|||||||\u00bb hover_enabled=\u00bb0&#8243; global_colors_info=\u00bb{}\u00bb url_new_window=\u00bbon\u00bb sticky_enabled=\u00bb0&#8243;][\/et_pb_button][et_pb_video src_webm=\u00bbhttps:\/\/lolrent.ch\/wp-content\/uploads\/2025\/02\/VID-20250105-WA0029.mp4&#8243; _builder_version=\u00bb4.27.2&#8243; _module_preset=\u00bbdefault\u00bb width=\u00bb50%\u00bb width_tablet=\u00bb60%\u00bb width_phone=\u00bb60%\u00bb width_last_edited=\u00bbon|phone\u00bb module_alignment=\u00bbcenter\u00bb global_colors_info=\u00bb{}\u00bb][\/et_pb_video][\/et_pb_column][\/et_pb_row][\/et_pb_section][et_pb_section fb_built=\u00bb1&#8243; admin_label=\u00bbFooter\u00bb _builder_version=\u00bb4.27.2&#8243; background_color=\u00bb#f97400&#8243; background_enable_image=\u00bboff\u00bb custom_padding=\u00bb54px|0px|54px|0px|false|false\u00bb global_colors_info=\u00bb{}\u00bb][et_pb_row _builder_version=\u00bb4.16&#8243; locked=\u00bboff\u00bb global_colors_info=\u00bb{}\u00bb][et_pb_column type=\u00bb4_4&#8243; _builder_version=\u00bb4.16&#8243; custom_padding=\u00bb|||\u00bb global_colors_info=\u00bb{}\u00bb custom_padding__hover=\u00bb|||\u00bb][et_pb_text _builder_version=\u00bb4.27.2&#8243; text_font=\u00bbJosefin Sans||||||||\u00bb text_font_size=\u00bb20px\u00bb text_line_height=\u00bb1.8em\u00bb header_font=\u00bb||||||||\u00bb header_2_font=\u00bbJosefin Sans|700|||||||\u00bb header_2_font_size=\u00bb60px\u00bb header_2_line_height=\u00bb1.4em\u00bb text_orientation=\u00bbcenter\u00bb background_layout=\u00bbdark\u00bb max_width=\u00bb800px\u00bb module_alignment=\u00bbcenter\u00bb header_2_font_size_tablet=\u00bb50px\u00bb header_2_font_size_phone=\u00bb34px\u00bb header_2_font_size_last_edited=\u00bbon|phone\u00bb global_colors_info=\u00bb{}\u00bb]<\/p>\n<h2>Formulario de contacto<\/h2>\n<p>[\/et_pb_text][\/et_pb_column][\/et_pb_row][et_pb_row _builder_version=\u00bb4.27.2&#8243; _module_preset=\u00bbdefault\u00bb global_colors_info=\u00bb{}\u00bb][et_pb_column type=\u00bb4_4&#8243; _builder_version=\u00bb4.27.2&#8243; _module_preset=\u00bbdefault\u00bb global_colors_info=\u00bb{}\u00bb][et_pb_contact_form captcha=\u00bboff\u00bb module_id=\u00bbet_pb_contact_form_0&#8243; _builder_version=\u00bb4.27.2&#8243; form_field_background_color=\u00bbrgba(255,255,255,0.9)\u00bb form_field_text_color=\u00bbrgba(104,109,131,0.6)\u00bb title_font=\u00bbJosefin Sans||||||||\u00bb form_field_font=\u00bbJosefin Sans|700|||||||\u00bb form_field_font_size=\u00bb16px\u00bb custom_button=\u00bbon\u00bb button_text_size=\u00bb14px\u00bb button_text_color=\u00bb#ffffff\u00bb button_bg_color=\u00bb#3050d1&#8243; button_border_width=\u00bb12px\u00bb button_border_color=\u00bb#3050d1&#8243; button_border_radius=\u00bb0px\u00bb button_font=\u00bbJosefin Sans|600||on|||||\u00bb button_use_icon=\u00bboff\u00bb max_width=\u00bb800px\u00bb module_alignment=\u00bbcenter\u00bb custom_margin=\u00bb|||\u00bb custom_padding=\u00bb|||\u00bb animation_style=\u00bbfold\u00bb animation_direction=\u00bbtop\u00bb animation_intensity_fold=\u00bb10%\u00bb form_background_color=\u00bbrgba(255,255,255,0.9)\u00bb global_colors_info=\u00bb{}\u00bb][et_pb_contact_field field_id=\u00bbName\u00bb field_title=\u00bbNombre y apellidos\u00bb _builder_version=\u00bb4.27.2&#8243; custom_margin=\u00bb||20px|\u00bb global_colors_info=\u00bb{}\u00bb button_text_size__hover_enabled=\u00bboff\u00bb button_one_text_size__hover_enabled=\u00bboff\u00bb button_two_text_size__hover_enabled=\u00bboff\u00bb button_text_color__hover_enabled=\u00bboff\u00bb button_one_text_color__hover_enabled=\u00bboff\u00bb button_two_text_color__hover_enabled=\u00bboff\u00bb button_border_width__hover_enabled=\u00bboff\u00bb button_one_border_width__hover_enabled=\u00bboff\u00bb button_two_border_width__hover_enabled=\u00bboff\u00bb button_border_color__hover_enabled=\u00bboff\u00bb button_one_border_color__hover_enabled=\u00bboff\u00bb button_two_border_color__hover_enabled=\u00bboff\u00bb button_border_radius__hover_enabled=\u00bboff\u00bb button_one_border_radius__hover_enabled=\u00bboff\u00bb button_two_border_radius__hover_enabled=\u00bboff\u00bb button_letter_spacing__hover_enabled=\u00bboff\u00bb button_one_letter_spacing__hover_enabled=\u00bboff\u00bb button_two_letter_spacing__hover_enabled=\u00bboff\u00bb button_bg_color__hover_enabled=\u00bboff\u00bb button_one_bg_color__hover_enabled=\u00bboff\u00bb button_two_bg_color__hover_enabled=\u00bboff\u00bb][\/et_pb_contact_field][et_pb_contact_field field_id=\u00bbEmail\u00bb field_title=\u00bbcorreo electr\u00f3nico\u00bb field_type=\u00bbemail\u00bb _builder_version=\u00bb4.27.2&#8243; custom_margin=\u00bb||20px|\u00bb global_colors_info=\u00bb{}\u00bb button_text_size__hover_enabled=\u00bboff\u00bb button_one_text_size__hover_enabled=\u00bboff\u00bb button_two_text_size__hover_enabled=\u00bboff\u00bb button_text_color__hover_enabled=\u00bboff\u00bb button_one_text_color__hover_enabled=\u00bboff\u00bb button_two_text_color__hover_enabled=\u00bboff\u00bb button_border_width__hover_enabled=\u00bboff\u00bb button_one_border_width__hover_enabled=\u00bboff\u00bb button_two_border_width__hover_enabled=\u00bboff\u00bb button_border_color__hover_enabled=\u00bboff\u00bb button_one_border_color__hover_enabled=\u00bboff\u00bb button_two_border_color__hover_enabled=\u00bboff\u00bb button_border_radius__hover_enabled=\u00bboff\u00bb button_one_border_radius__hover_enabled=\u00bboff\u00bb button_two_border_radius__hover_enabled=\u00bboff\u00bb button_letter_spacing__hover_enabled=\u00bboff\u00bb button_one_letter_spacing__hover_enabled=\u00bboff\u00bb button_two_letter_spacing__hover_enabled=\u00bboff\u00bb button_bg_color__hover_enabled=\u00bboff\u00bb button_one_bg_color__hover_enabled=\u00bboff\u00bb button_two_bg_color__hover_enabled=\u00bboff\u00bb][\/et_pb_contact_field][et_pb_contact_field field_id=\u00bbMessage\u00bb field_title=\u00bbMensaje\u00bb field_type=\u00bbtext\u00bb fullwidth_field=\u00bbon\u00bb _builder_version=\u00bb4.27.2&#8243; custom_margin=\u00bb||30px|\u00bb global_colors_info=\u00bb{}\u00bb button_text_size__hover_enabled=\u00bboff\u00bb button_one_text_size__hover_enabled=\u00bboff\u00bb button_two_text_size__hover_enabled=\u00bboff\u00bb button_text_color__hover_enabled=\u00bboff\u00bb button_one_text_color__hover_enabled=\u00bboff\u00bb button_two_text_color__hover_enabled=\u00bboff\u00bb button_border_width__hover_enabled=\u00bboff\u00bb button_one_border_width__hover_enabled=\u00bboff\u00bb button_two_border_width__hover_enabled=\u00bboff\u00bb button_border_color__hover_enabled=\u00bboff\u00bb button_one_border_color__hover_enabled=\u00bboff\u00bb button_two_border_color__hover_enabled=\u00bboff\u00bb button_border_radius__hover_enabled=\u00bboff\u00bb button_one_border_radius__hover_enabled=\u00bboff\u00bb button_two_border_radius__hover_enabled=\u00bboff\u00bb button_letter_spacing__hover_enabled=\u00bboff\u00bb button_one_letter_spacing__hover_enabled=\u00bboff\u00bb button_two_letter_spacing__hover_enabled=\u00bboff\u00bb button_bg_color__hover_enabled=\u00bboff\u00bb button_one_bg_color__hover_enabled=\u00bboff\u00bb button_two_bg_color__hover_enabled=\u00bboff\u00bb][\/et_pb_contact_field][\/et_pb_contact_form][\/et_pb_column][\/et_pb_row][\/et_pb_section]<\/p>\n","protected":false},"excerpt":{"rendered":"<p>V\u00eddeo Ver el v\u00eddeo explicativo Recibir\u00e1s el c\u00f3digo del veh\u00edculo por correo electr\u00f3nico 2 horas antes del inicio del alquiler Hay una caja con la llave en la puerta trasera Puedes abrir la caja con el c\u00f3digo Haz un breve v\u00eddeo del veh\u00edculo (vista exterior) antes del viaje y env\u00edanoslo por c\u00f3digo QR\/WhatsApp Ten en [&hellip;]<\/p>\n","protected":false},"author":1,"featured_media":0,"parent":0,"menu_order":0,"comment_status":"closed","ping_status":"closed","template":"","meta":{"_et_pb_use_builder":"on","_et_pb_old_content":"","_et_gb_content_width":"","footnotes":""},"class_list":["post-6250","page","type-page","status-publish","hentry"],"yoast_head":"<!-- This site is optimized with the Yoast SEO plugin v24.6 - https:\/\/yoast.com\/wordpress\/plugins\/seo\/ -->\n<title>V\u00eddeo - Transporter mieten Bern, Thun &amp; Z\u00fcrich - lolrent.ch<\/title>\n<meta name=\"robots\" content=\"index, follow, max-snippet:-1, max-image-preview:large, max-video-preview:-1\" \/>\n<link rel=\"canonical\" href=\"https:\/\/lolrent.ch\/es\/video\/\" \/>\n<meta property=\"og:locale\" content=\"es_ES\" \/>\n<meta property=\"og:type\" content=\"article\" \/>\n<meta property=\"og:title\" content=\"V\u00eddeo - Transporter mieten Bern, Thun &amp; Z\u00fcrich - lolrent.ch\" \/>\n<meta property=\"og:description\" content=\"V\u00eddeo Ver el v\u00eddeo explicativo Recibir\u00e1s el c\u00f3digo del veh\u00edculo por correo electr\u00f3nico 2 horas antes del inicio del alquiler Hay una caja con la llave en la puerta trasera Puedes abrir la caja con el c\u00f3digo Haz un breve v\u00eddeo del veh\u00edculo (vista exterior) antes del viaje y env\u00edanoslo por c\u00f3digo QR\/WhatsApp Ten en [&hellip;]\" \/>\n<meta property=\"og:url\" content=\"https:\/\/lolrent.ch\/es\/video\/\" \/>\n<meta property=\"og:site_name\" content=\"Transporter mieten Bern, Thun &amp; Z\u00fcrich - lolrent.ch\" \/>\n<meta property=\"article:modified_time\" content=\"2026-03-31T12:39:20+00:00\" \/>\n<meta name=\"twitter:card\" content=\"summary_large_image\" \/>\n<meta name=\"twitter:label1\" content=\"Tiempo de lectura\" \/>\n\t<meta name=\"twitter:data1\" content=\"7 minutos\" \/>\n<script type=\"application\/ld+json\" class=\"yoast-schema-graph\">{\"@context\":\"https:\/\/schema.org\",\"@graph\":[{\"@type\":\"WebPage\",\"@id\":\"https:\/\/lolrent.ch\/es\/video\/\",\"url\":\"https:\/\/lolrent.ch\/es\/video\/\",\"name\":\"V\u00eddeo - Transporter mieten Bern, Thun &amp; Z\u00fcrich - lolrent.ch\",\"isPartOf\":{\"@id\":\"https:\/\/lolrent.ch\/es\/#website\"},\"datePublished\":\"2025-02-05T10:40:09+00:00\",\"dateModified\":\"2026-03-31T12:39:20+00:00\",\"breadcrumb\":{\"@id\":\"https:\/\/lolrent.ch\/es\/video\/#breadcrumb\"},\"inLanguage\":\"es\",\"potentialAction\":[{\"@type\":\"ReadAction\",\"target\":[\"https:\/\/lolrent.ch\/es\/video\/\"]}]},{\"@type\":\"BreadcrumbList\",\"@id\":\"https:\/\/lolrent.ch\/es\/video\/#breadcrumb\",\"itemListElement\":[{\"@type\":\"ListItem\",\"position\":1,\"name\":\"Startseite\",\"item\":\"https:\/\/lolrent.ch\/es\/\"},{\"@type\":\"ListItem\",\"position\":2,\"name\":\"V\u00eddeo\"}]},{\"@type\":\"WebSite\",\"@id\":\"https:\/\/lolrent.ch\/es\/#website\",\"url\":\"https:\/\/lolrent.ch\/es\/\",\"name\":\"Transporter mieten Bern, Thun &amp; Z\u00fcrich - lolrent.ch\",\"description\":\"\",\"potentialAction\":[{\"@type\":\"SearchAction\",\"target\":{\"@type\":\"EntryPoint\",\"urlTemplate\":\"https:\/\/lolrent.ch\/es\/?s={search_term_string}\"},\"query-input\":{\"@type\":\"PropertyValueSpecification\",\"valueRequired\":true,\"valueName\":\"search_term_string\"}}],\"inLanguage\":\"es\"}]}<\/script>\n<!-- \/ Yoast SEO plugin. -->","yoast_head_json":{"title":"V\u00eddeo - Transporter mieten Bern, Thun &amp; Z\u00fcrich - lolrent.ch","robots":{"index":"index","follow":"follow","max-snippet":"max-snippet:-1","max-image-preview":"max-image-preview:large","max-video-preview":"max-video-preview:-1"},"canonical":"https:\/\/lolrent.ch\/es\/video\/","og_locale":"es_ES","og_type":"article","og_title":"V\u00eddeo - Transporter mieten Bern, Thun &amp; Z\u00fcrich - lolrent.ch","og_description":"V\u00eddeo Ver el v\u00eddeo explicativo Recibir\u00e1s el c\u00f3digo del veh\u00edculo por correo electr\u00f3nico 2 horas antes del inicio del alquiler Hay una caja con la llave en la puerta trasera Puedes abrir la caja con el c\u00f3digo Haz un breve v\u00eddeo del veh\u00edculo (vista exterior) antes del viaje y env\u00edanoslo por c\u00f3digo QR\/WhatsApp Ten en [&hellip;]","og_url":"https:\/\/lolrent.ch\/es\/video\/","og_site_name":"Transporter mieten Bern, Thun &amp; Z\u00fcrich - lolrent.ch","article_modified_time":"2026-03-31T12:39:20+00:00","twitter_card":"summary_large_image","twitter_misc":{"Tiempo de lectura":"7 minutos"},"schema":{"@context":"https:\/\/schema.org","@graph":[{"@type":"WebPage","@id":"https:\/\/lolrent.ch\/es\/video\/","url":"https:\/\/lolrent.ch\/es\/video\/","name":"V\u00eddeo - Transporter mieten Bern, Thun &amp; Z\u00fcrich - lolrent.ch","isPartOf":{"@id":"https:\/\/lolrent.ch\/es\/#website"},"datePublished":"2025-02-05T10:40:09+00:00","dateModified":"2026-03-31T12:39:20+00:00","breadcrumb":{"@id":"https:\/\/lolrent.ch\/es\/video\/#breadcrumb"},"inLanguage":"es","potentialAction":[{"@type":"ReadAction","target":["https:\/\/lolrent.ch\/es\/video\/"]}]},{"@type":"BreadcrumbList","@id":"https:\/\/lolrent.ch\/es\/video\/#breadcrumb","itemListElement":[{"@type":"ListItem","position":1,"name":"Startseite","item":"https:\/\/lolrent.ch\/es\/"},{"@type":"ListItem","position":2,"name":"V\u00eddeo"}]},{"@type":"WebSite","@id":"https:\/\/lolrent.ch\/es\/#website","url":"https:\/\/lolrent.ch\/es\/","name":"Transporter mieten Bern, Thun &amp; Z\u00fcrich - lolrent.ch","description":"","potentialAction":[{"@type":"SearchAction","target":{"@type":"EntryPoint","urlTemplate":"https:\/\/lolrent.ch\/es\/?s={search_term_string}"},"query-input":{"@type":"PropertyValueSpecification","valueRequired":true,"valueName":"search_term_string"}}],"inLanguage":"es"}]}},"_links":{"self":[{"href":"https:\/\/lolrent.ch\/es\/wp-json\/wp\/v2\/pages\/6250","targetHints":{"allow":["GET"]}}],"collection":[{"href":"https:\/\/lolrent.ch\/es\/wp-json\/wp\/v2\/pages"}],"about":[{"href":"https:\/\/lolrent.ch\/es\/wp-json\/wp\/v2\/types\/page"}],"author":[{"embeddable":true,"href":"https:\/\/lolrent.ch\/es\/wp-json\/wp\/v2\/users\/1"}],"replies":[{"embeddable":true,"href":"https:\/\/lolrent.ch\/es\/wp-json\/wp\/v2\/comments?post=6250"}],"version-history":[{"count":9,"href":"https:\/\/lolrent.ch\/es\/wp-json\/wp\/v2\/pages\/6250\/revisions"}],"predecessor-version":[{"id":8359,"href":"https:\/\/lolrent.ch\/es\/wp-json\/wp\/v2\/pages\/6250\/revisions\/8359"}],"wp:attachment":[{"href":"https:\/\/lolrent.ch\/es\/wp-json\/wp\/v2\/media?parent=6250"}],"curies":[{"name":"wp","href":"https:\/\/api.w.org\/{rel}","templated":true}]}}