{"id":6136,"date":"2025-02-10T14:19:36","date_gmt":"2025-02-10T14:19:36","guid":{"rendered":"https:\/\/lolrent.ch\/kuenye\/"},"modified":"2025-04-11T12:03:28","modified_gmt":"2025-04-11T12:03:28","slug":"kuenye","status":"publish","type":"page","link":"https:\/\/lolrent.ch\/tr\/kuenye\/","title":{"rendered":"K\u00fcnye"},"content":{"rendered":"<p>[et_pb_section fb_built=&#8221;1&#8243; admin_label=&#8221;Hero&#8221; _builder_version=&#8221;4.27.2&#8243; background_color=&#8221;#000000&#8243; use_background_color_gradient=&#8221;on&#8221; background_color_gradient_direction=&#8221;118deg&#8221; background_color_gradient_stops=&#8221;#063661 0%|rgba(43,78,136,0.67) 100%&#8221; background_color_gradient_overlays_image=&#8221;on&#8221; background_color_gradient_start=&#8221;#063661&#8243; background_color_gradient_end=&#8221;rgba(43,78,136,0.67)&#8221; background_image=&#8221;http:\/\/lolrent.ch\/wp-content\/uploads\/2024\/11\/car-dealer-35.jpg&#8221; custom_padding=&#8221;90px|0px|0|0px|false|false&#8221; bottom_divider_style=&#8221;slant2&#8243; bottom_divider_color=&#8221;#f97400&#8243; bottom_divider_height=&#8221;260px&#8221; bottom_divider_flip=&#8221;vertical&#8221; bottom_divider_height_tablet=&#8221;&#8221; bottom_divider_height_phone=&#8221;90px&#8221; bottom_divider_height_last_edited=&#8221;on|desktop&#8221; global_colors_info=&#8221;{}&#8221;][et_pb_row column_structure=&#8221;1_3,2_3&#8243; use_custom_gutter=&#8221;on&#8221; gutter_width=&#8221;2&#8243; _builder_version=&#8221;4.16&#8243; max_width=&#8221;1440px&#8221; custom_padding=&#8221;||0px|||&#8221; use_custom_width=&#8221;on&#8221; custom_width_px=&#8221;1440px&#8221; global_colors_info=&#8221;{}&#8221;][et_pb_column type=&#8221;1_3&#8243; _builder_version=&#8221;4.16&#8243; custom_padding=&#8221;||40px|&#8221; custom_padding_tablet=&#8221;||0px|&#8221; custom_padding_phone=&#8221;||0px|&#8221; custom_padding_last_edited=&#8221;on|tablet&#8221; global_colors_info=&#8221;{}&#8221; padding_tablet=&#8221;||0px|&#8221; padding_last_edited=&#8221;on|tablet&#8221; custom_padding__hover=&#8221;|||&#8221; padding_phone=&#8221;||0px|&#8221;][et_pb_text _builder_version=&#8221;4.27.4&#8243; text_font=&#8221;||||||||&#8221; header_font=&#8221;Josefin Sans|700|||||||&#8221; header_font_size=&#8221;60px&#8221; header_line_height=&#8221;1.4em&#8221; header_2_font=&#8221;||||||||&#8221; background_layout=&#8221;dark&#8221; max_width=&#8221;100%&#8221; module_alignment=&#8221;center&#8221; custom_margin=&#8221;|7px|-17px|||&#8221; custom_padding=&#8221;|0px||||&#8221; animation_style=&#8221;fade&#8221; header_font_size_tablet=&#8221;50px&#8221; header_font_size_phone=&#8221;34px&#8221; header_font_size_last_edited=&#8221;on|phone&#8221; global_colors_info=&#8221;{}&#8221;]<\/p>\n<h1 style=\"text-align: center;\">K\u00fcnye<\/h1>\n<p>[\/et_pb_text][\/et_pb_column][et_pb_column type=&#8221;2_3&#8243; _builder_version=&#8221;4.16&#8243; custom_padding=&#8221;60px|||&#8221; custom_padding_tablet=&#8221;0px|||&#8221; custom_padding_phone=&#8221;0px|||&#8221; custom_padding_last_edited=&#8221;on|tablet&#8221; global_colors_info=&#8221;{}&#8221; padding_tablet=&#8221;0px|||&#8221; padding_last_edited=&#8221;on|tablet&#8221; custom_padding__hover=&#8221;|||&#8221; padding_phone=&#8221;0px|||&#8221;][\/et_pb_column][\/et_pb_row][et_pb_row column_structure=&#8221;1_3,2_3&#8243; use_custom_gutter=&#8221;on&#8221; gutter_width=&#8221;2&#8243; _builder_version=&#8221;4.16&#8243; max_width=&#8221;1440px&#8221; custom_padding=&#8221;|||&#8221; use_custom_width=&#8221;on&#8221; custom_width_px=&#8221;1440px&#8221; global_colors_info=&#8221;{}&#8221;][et_pb_column type=&#8221;1_3&#8243; _builder_version=&#8221;4.16&#8243; custom_padding=&#8221;||40px|&#8221; custom_padding_tablet=&#8221;||0px|&#8221; custom_padding_phone=&#8221;||0px|&#8221; custom_padding_last_edited=&#8221;on|tablet&#8221; global_colors_info=&#8221;{}&#8221; padding_tablet=&#8221;||0px|&#8221; padding_last_edited=&#8221;on|tablet&#8221; custom_padding__hover=&#8221;|||&#8221; padding_phone=&#8221;||0px|&#8221;][\/et_pb_column][et_pb_column type=&#8221;2_3&#8243; _builder_version=&#8221;4.16&#8243; custom_padding=&#8221;60px|||&#8221; custom_padding_tablet=&#8221;0px|||&#8221; custom_padding_phone=&#8221;0px|||&#8221; custom_padding_last_edited=&#8221;on|tablet&#8221; global_colors_info=&#8221;{}&#8221; padding_tablet=&#8221;0px|||&#8221; padding_last_edited=&#8221;on|tablet&#8221; custom_padding__hover=&#8221;|||&#8221; padding_phone=&#8221;0px|||&#8221;][et_pb_image src=&#8221;http:\/\/lolrent.ch\/wp-content\/uploads\/2024\/11\/citroen-jumpy-clipart-xl.png&#8221; title_text=&#8221;citroen-jumpy-clipart-xl&#8221; show_bottom_space=&#8221;off&#8221; force_fullwidth=&#8221;on&#8221; align_tablet=&#8221;center&#8221; align_phone=&#8221;center&#8221; align_last_edited=&#8221;on|desktop&#8221; _builder_version=&#8221;4.27.2&#8243; custom_margin=&#8221;|||&#8221; animation_style=&#8221;zoom&#8221; animation_direction=&#8221;right&#8221; animation_intensity_zoom=&#8221;2%&#8221; global_colors_info=&#8221;{}&#8221;][\/et_pb_image][\/et_pb_column][\/et_pb_row][\/et_pb_section][et_pb_section fb_built=&#8221;1&#8243; admin_label=&#8221;Footer&#8221; _builder_version=&#8221;4.27.2&#8243; background_color=&#8221;#f97400&#8243; background_enable_image=&#8221;off&#8221; custom_padding=&#8221;54px|0px|54px|0px|false|false&#8221; global_colors_info=&#8221;{}&#8221;][et_pb_row _builder_version=&#8221;4.16&#8243; locked=&#8221;off&#8221; global_colors_info=&#8221;{}&#8221;][et_pb_column type=&#8221;4_4&#8243; _builder_version=&#8221;4.16&#8243; custom_padding=&#8221;|||&#8221; global_colors_info=&#8221;{}&#8221; custom_padding__hover=&#8221;|||&#8221;][et_pb_text _builder_version=&#8221;4.27.4&#8243; _module_preset=&#8221;default&#8221; text_font_size=&#8221;16px&#8221; background_color=&#8221;#FFFFFF&#8221; custom_padding=&#8221;20px|20px|20px|20px|false|false&#8221; global_colors_info=&#8221;{}&#8221;]<\/p>\n<p><strong>\u0130leti\u015fim<\/strong><br \/>DoSa Sandu<br \/>Daniel Doban<br \/>Gantrischstrasse 71<br \/>3600 Thun<br \/>info@lolrent.ch<br \/>+41 79 836 30 39<\/p>\n<p><strong>Konsept, web tasar\u0131m\u0131 ve ger\u00e7ekle\u015ftirme<\/strong><br \/>Humark GmbH<br \/>Aarbord 28<br \/>3628 Uttigen<br \/>www.humark.ch<br \/>frage@humark.ch<\/p>\n<p><strong>Ticaret sicil<\/strong> kayd\u0131<br \/>Kay\u0131tl\u0131 \u015firket ad\u0131: DoSa Sandu<br \/>Numaras\u0131:CHE-299.552.278<br \/>Ticaret sicil ofisi: Bern<br \/>\u015eirketi temsile yetkili ki\u015filer: Monika Sandu-Doban, <span>Daniel Doban<\/span><\/p>\n<p>[\/et_pb_text][\/et_pb_column][\/et_pb_row][\/et_pb_section]<\/p>\n","protected":false},"excerpt":{"rendered":"<p>K\u00fcnye\u0130leti\u015fimDoSa SanduDaniel DobanGantrischstrasse 713600 Thuninfo@lolrent.ch+41 79 836 30 39 Konsept, web tasar\u0131m\u0131 ve ger\u00e7ekle\u015ftirmeHumark GmbHAarbord 283628 Uttigenwww.humark.chfrage@humark.ch Ticaret sicil kayd\u0131Kay\u0131tl\u0131 \u015firket ad\u0131: DoSa SanduNumaras\u0131:CHE-299.552.278Ticaret sicil ofisi: Bern\u015eirketi temsile yetkili ki\u015filer: Monika Sandu-Doban, Daniel Doban<\/p>\n","protected":false},"author":1,"featured_media":0,"parent":0,"menu_order":0,"comment_status":"closed","ping_status":"closed","template":"","meta":{"_et_pb_use_builder":"on","_et_pb_old_content":"","_et_gb_content_width":"","footnotes":""},"class_list":["post-6136","page","type-page","status-publish","hentry"],"yoast_head":"<!-- This site is optimized with the Yoast SEO plugin v24.6 - https:\/\/yoast.com\/wordpress\/plugins\/seo\/ -->\n<title>K\u00fcnye - Transporter mieten Bern, Thun &amp; Z\u00fcrich - lolrent.ch<\/title>\n<meta name=\"robots\" content=\"index, follow, max-snippet:-1, max-image-preview:large, max-video-preview:-1\" \/>\n<link rel=\"canonical\" href=\"https:\/\/lolrent.ch\/tr\/kuenye\/\" \/>\n<meta property=\"og:locale\" content=\"tr_TR\" \/>\n<meta property=\"og:type\" content=\"article\" \/>\n<meta property=\"og:title\" content=\"K\u00fcnye - Transporter mieten Bern, Thun &amp; Z\u00fcrich - lolrent.ch\" \/>\n<meta property=\"og:description\" content=\"K\u00fcnye\u0130leti\u015fimDoSa SanduDaniel DobanGantrischstrasse 713600 Thuninfo@lolrent.ch+41 79 836 30 39 Konsept, web tasar\u0131m\u0131 ve ger\u00e7ekle\u015ftirmeHumark GmbHAarbord 283628 Uttigenwww.humark.chfrage@humark.ch Ticaret sicil kayd\u0131Kay\u0131tl\u0131 \u015firket ad\u0131: DoSa SanduNumaras\u0131:CHE-299.552.278Ticaret sicil ofisi: Bern\u015eirketi temsile yetkili ki\u015filer: Monika Sandu-Doban, Daniel Doban\" \/>\n<meta property=\"og:url\" content=\"https:\/\/lolrent.ch\/tr\/kuenye\/\" \/>\n<meta property=\"og:site_name\" content=\"Transporter mieten Bern, Thun &amp; Z\u00fcrich - lolrent.ch\" \/>\n<meta property=\"article:modified_time\" content=\"2025-04-11T12:03:28+00:00\" \/>\n<meta name=\"twitter:card\" content=\"summary_large_image\" \/>\n<meta name=\"twitter:label1\" content=\"Tahmini okuma s\u00fcresi\" \/>\n\t<meta name=\"twitter:data1\" content=\"3 dakika\" \/>\n<script type=\"application\/ld+json\" class=\"yoast-schema-graph\">{\"@context\":\"https:\/\/schema.org\",\"@graph\":[{\"@type\":\"WebPage\",\"@id\":\"https:\/\/lolrent.ch\/tr\/kuenye\/\",\"url\":\"https:\/\/lolrent.ch\/tr\/kuenye\/\",\"name\":\"K\u00fcnye - Transporter mieten Bern, Thun &amp; Z\u00fcrich - lolrent.ch\",\"isPartOf\":{\"@id\":\"https:\/\/lolrent.ch\/tr\/#website\"},\"datePublished\":\"2025-02-10T14:19:36+00:00\",\"dateModified\":\"2025-04-11T12:03:28+00:00\",\"breadcrumb\":{\"@id\":\"https:\/\/lolrent.ch\/tr\/kuenye\/#breadcrumb\"},\"inLanguage\":\"tr\",\"potentialAction\":[{\"@type\":\"ReadAction\",\"target\":[\"https:\/\/lolrent.ch\/tr\/kuenye\/\"]}]},{\"@type\":\"BreadcrumbList\",\"@id\":\"https:\/\/lolrent.ch\/tr\/kuenye\/#breadcrumb\",\"itemListElement\":[{\"@type\":\"ListItem\",\"position\":1,\"name\":\"Startseite\",\"item\":\"https:\/\/lolrent.ch\/tr\/\"},{\"@type\":\"ListItem\",\"position\":2,\"name\":\"K\u00fcnye\"}]},{\"@type\":\"WebSite\",\"@id\":\"https:\/\/lolrent.ch\/tr\/#website\",\"url\":\"https:\/\/lolrent.ch\/tr\/\",\"name\":\"Transporter mieten Bern, Thun &amp; Z\u00fcrich - lolrent.ch\",\"description\":\"\",\"potentialAction\":[{\"@type\":\"SearchAction\",\"target\":{\"@type\":\"EntryPoint\",\"urlTemplate\":\"https:\/\/lolrent.ch\/tr\/?s={search_term_string}\"},\"query-input\":{\"@type\":\"PropertyValueSpecification\",\"valueRequired\":true,\"valueName\":\"search_term_string\"}}],\"inLanguage\":\"tr\"}]}<\/script>\n<!-- \/ Yoast SEO plugin. -->","yoast_head_json":{"title":"K\u00fcnye - Transporter mieten Bern, Thun &amp; Z\u00fcrich - lolrent.ch","robots":{"index":"index","follow":"follow","max-snippet":"max-snippet:-1","max-image-preview":"max-image-preview:large","max-video-preview":"max-video-preview:-1"},"canonical":"https:\/\/lolrent.ch\/tr\/kuenye\/","og_locale":"tr_TR","og_type":"article","og_title":"K\u00fcnye - Transporter mieten Bern, Thun &amp; Z\u00fcrich - lolrent.ch","og_description":"K\u00fcnye\u0130leti\u015fimDoSa SanduDaniel DobanGantrischstrasse 713600 Thuninfo@lolrent.ch+41 79 836 30 39 Konsept, web tasar\u0131m\u0131 ve ger\u00e7ekle\u015ftirmeHumark GmbHAarbord 283628 Uttigenwww.humark.chfrage@humark.ch Ticaret sicil kayd\u0131Kay\u0131tl\u0131 \u015firket ad\u0131: DoSa SanduNumaras\u0131:CHE-299.552.278Ticaret sicil ofisi: Bern\u015eirketi temsile yetkili ki\u015filer: Monika Sandu-Doban, Daniel Doban","og_url":"https:\/\/lolrent.ch\/tr\/kuenye\/","og_site_name":"Transporter mieten Bern, Thun &amp; Z\u00fcrich - lolrent.ch","article_modified_time":"2025-04-11T12:03:28+00:00","twitter_card":"summary_large_image","twitter_misc":{"Tahmini okuma s\u00fcresi":"3 dakika"},"schema":{"@context":"https:\/\/schema.org","@graph":[{"@type":"WebPage","@id":"https:\/\/lolrent.ch\/tr\/kuenye\/","url":"https:\/\/lolrent.ch\/tr\/kuenye\/","name":"K\u00fcnye - Transporter mieten Bern, Thun &amp; Z\u00fcrich - lolrent.ch","isPartOf":{"@id":"https:\/\/lolrent.ch\/tr\/#website"},"datePublished":"2025-02-10T14:19:36+00:00","dateModified":"2025-04-11T12:03:28+00:00","breadcrumb":{"@id":"https:\/\/lolrent.ch\/tr\/kuenye\/#breadcrumb"},"inLanguage":"tr","potentialAction":[{"@type":"ReadAction","target":["https:\/\/lolrent.ch\/tr\/kuenye\/"]}]},{"@type":"BreadcrumbList","@id":"https:\/\/lolrent.ch\/tr\/kuenye\/#breadcrumb","itemListElement":[{"@type":"ListItem","position":1,"name":"Startseite","item":"https:\/\/lolrent.ch\/tr\/"},{"@type":"ListItem","position":2,"name":"K\u00fcnye"}]},{"@type":"WebSite","@id":"https:\/\/lolrent.ch\/tr\/#website","url":"https:\/\/lolrent.ch\/tr\/","name":"Transporter mieten Bern, Thun &amp; Z\u00fcrich - lolrent.ch","description":"","potentialAction":[{"@type":"SearchAction","target":{"@type":"EntryPoint","urlTemplate":"https:\/\/lolrent.ch\/tr\/?s={search_term_string}"},"query-input":{"@type":"PropertyValueSpecification","valueRequired":true,"valueName":"search_term_string"}}],"inLanguage":"tr"}]}},"_links":{"self":[{"href":"https:\/\/lolrent.ch\/tr\/wp-json\/wp\/v2\/pages\/6136","targetHints":{"allow":["GET"]}}],"collection":[{"href":"https:\/\/lolrent.ch\/tr\/wp-json\/wp\/v2\/pages"}],"about":[{"href":"https:\/\/lolrent.ch\/tr\/wp-json\/wp\/v2\/types\/page"}],"author":[{"embeddable":true,"href":"https:\/\/lolrent.ch\/tr\/wp-json\/wp\/v2\/users\/1"}],"replies":[{"embeddable":true,"href":"https:\/\/lolrent.ch\/tr\/wp-json\/wp\/v2\/comments?post=6136"}],"version-history":[{"count":1,"href":"https:\/\/lolrent.ch\/tr\/wp-json\/wp\/v2\/pages\/6136\/revisions"}],"predecessor-version":[{"id":6138,"href":"https:\/\/lolrent.ch\/tr\/wp-json\/wp\/v2\/pages\/6136\/revisions\/6138"}],"wp:attachment":[{"href":"https:\/\/lolrent.ch\/tr\/wp-json\/wp\/v2\/media?parent=6136"}],"curies":[{"name":"wp","href":"https:\/\/api.w.org\/{rel}","templated":true}]}}