{"id":6237,"date":"2025-02-05T10:40:09","date_gmt":"2025-02-05T10:40:09","guid":{"rendered":"https:\/\/lolrent.ch\/video\/"},"modified":"2026-03-31T12:39:20","modified_gmt":"2026-03-31T12:39:20","slug":"video","status":"publish","type":"page","link":"https:\/\/lolrent.ch\/tr\/video\/","title":{"rendered":"Video"},"content":{"rendered":"<p>[et_pb_section fb_built=&#8221;1&#8243; admin_label=&#8221;Hero&#8221; _builder_version=&#8221;4.27.2&#8243; background_color=&#8221;#000000&#8243; use_background_color_gradient=&#8221;on&#8221; background_color_gradient_direction=&#8221;118deg&#8221; background_color_gradient_stops=&#8221;#063661 0%|rgba(43,78,136,0.67) 100%&#8221; background_color_gradient_overlays_image=&#8221;on&#8221; background_color_gradient_start=&#8221;#063661&#8243; background_color_gradient_end=&#8221;rgba(43,78,136,0.67)&#8221; background_image=&#8221;https:\/\/lolrent.ch\/wp-content\/uploads\/2024\/11\/car-dealer-35.jpg&#8221; custom_padding=&#8221;90px|0px|0|0px|false|false&#8221; bottom_divider_style=&#8221;slant2&#8243; bottom_divider_color=&#8221;#f97400&#8243; bottom_divider_height=&#8221;260px&#8221; bottom_divider_flip=&#8221;vertical&#8221; bottom_divider_height_tablet=&#8221;&#8221; bottom_divider_height_phone=&#8221;90px&#8221; bottom_divider_height_last_edited=&#8221;on|desktop&#8221; global_colors_info=&#8221;{}&#8221;][et_pb_row column_structure=&#8221;1_2,1_2&#8243; use_custom_gutter=&#8221;on&#8221; gutter_width=&#8221;2&#8243; _builder_version=&#8221;4.16&#8243; max_width=&#8221;1440px&#8221; custom_padding=&#8221;||0px|||&#8221; use_custom_width=&#8221;on&#8221; custom_width_px=&#8221;1440px&#8221; global_colors_info=&#8221;{}&#8221;][et_pb_column type=&#8221;1_2&#8243; _builder_version=&#8221;4.16&#8243; custom_padding=&#8221;||40px|&#8221; custom_padding_tablet=&#8221;||0px|&#8221; custom_padding_phone=&#8221;||0px|&#8221; custom_padding_last_edited=&#8221;on|tablet&#8221; global_colors_info=&#8221;{}&#8221; padding_tablet=&#8221;||0px|&#8221; padding_last_edited=&#8221;on|tablet&#8221; custom_padding__hover=&#8221;|||&#8221; padding_phone=&#8221;||0px|&#8221;][et_pb_text _builder_version=&#8221;4.27.4&#8243; text_font=&#8221;||||||||&#8221; header_font=&#8221;Josefin Sans|700|||||||&#8221; header_font_size=&#8221;60px&#8221; header_line_height=&#8221;1.4em&#8221; header_2_font=&#8221;||||||||&#8221; background_layout=&#8221;dark&#8221; max_width=&#8221;100%&#8221; module_alignment=&#8221;center&#8221; custom_margin=&#8221;|7px|-17px|||&#8221; custom_padding=&#8221;|0px||||&#8221; animation_style=&#8221;fade&#8221; header_font_size_tablet=&#8221;50px&#8221; header_font_size_phone=&#8221;34px&#8221; header_font_size_last_edited=&#8221;on|phone&#8221; global_colors_info=&#8221;{}&#8221;]<\/p>\n<h1 style=\"text-align: left;\">Video<\/h1>\n<p>[\/et_pb_text][et_pb_text _builder_version=&#8221;4.27.4&#8243; _module_preset=&#8221;default&#8221; text_font=&#8221;Josefin Sans||||||||&#8221; text_text_color=&#8221;#f97400&#8243; text_font_size=&#8221;18px&#8221; link_font=&#8221;Josefin Sans||||||||&#8221; link_text_color=&#8221;#f97400&#8243; link_font_size=&#8221;18px&#8221; custom_padding=&#8221;||119px|||&#8221; global_colors_info=&#8221;{}&#8221;]<\/p>\n<ul>\n<li>A\u00e7\u0131klay\u0131c\u0131 videoyu izleyin<\/li>\n<li>Kiralama s\u00fcresinin ba\u015flamas\u0131ndan 2 saat \u00f6nce arac\u0131n kodunu e-posta ile alacaks\u0131n\u0131z<\/li>\n<li>Arka kap\u0131da anahtar\u0131n bulundu\u011fu bir kutu var.<\/li>\n<li>Kutuyu kod ile a\u00e7abilirsiniz<\/li>\n<li>Yolculuktan \u00f6nce arac\u0131n k\u0131sa bir videosunu (d\u0131\u015f g\u00f6r\u00fcn\u00fcm) \u00e7ekin ve QR kodu\/WhatsApp arac\u0131l\u0131\u011f\u0131yla bize g\u00f6nderin<\/li>\n<li>L\u00fctfen ayr\u0131lm\u0131\u015f s\u00fcrelere dikkat edin, 10 dakikadan fazla gecikmeler 300 CHF&#8217;ye mal olur.<\/li>\n<li>\u0130\u015finiz bitti\u011finde, &#8220;t\u0131klayana&#8221; kadar dizel ile doldurmal\u0131s\u0131n\u0131z. L\u00fctfen faturan\u0131n bir foto\u011fraf\u0131n\u0131 \u00e7ekin ve QR kodu\/WhatsApp arac\u0131l\u0131\u011f\u0131yla bize g\u00f6nderin (ceza 150 CHF&#8217;dir) <\/li>\n<li>Pencereleri, kap\u0131lar\u0131 kapat\u0131n ve \u0131\u015f\u0131klar\u0131 s\u00f6nd\u00fcr\u00fcn (cezas\u0131 300 CHF&#8217;dir)<\/li>\n<li>Arac\u0131 temizleyin (ceza 150 CHF&#8217;dir)<\/li>\n<li>Anahtar\u0131 kutuya geri koyun ve kutunun kilitli oldu\u011fundan emin olun.<\/li>\n<li>Arac\u0131n k\u0131sa bir videosunu daha \u00e7ekin (d\u0131\u015f g\u00f6r\u00fcn\u00fcm) ve bize g\u00f6nderin<\/li>\n<li>T\u00fcm otoparklar\u0131m\u0131z video g\u00f6zetimi alt\u0131ndad\u0131r<\/li>\n<li>T\u00fcm ara\u00e7lar\u0131m\u0131zda GPS takip cihaz\u0131 vard\u0131r<\/li>\n<li>Herhangi bir sorunuz veya sorununuz varsa, l\u00fctfen bizimle \u015fu adresten ileti\u015fime ge\u00e7in: <a href=\"tel:0798363039\">0798363039<\/a>, her g\u00fcn 07:00 - 22:00 saatleri aras\u0131nda<\/li>\n<\/ul>\n<p>[\/et_pb_text][\/et_pb_column][et_pb_column type=&#8221;1_2&#8243; _builder_version=&#8221;4.16&#8243; custom_padding=&#8221;60px|||&#8221; custom_padding_tablet=&#8221;0px|||&#8221; custom_padding_phone=&#8221;0px|||&#8221; custom_padding_last_edited=&#8221;on|tablet&#8221; global_colors_info=&#8221;{}&#8221; padding_tablet=&#8221;0px|||&#8221; padding_last_edited=&#8221;on|tablet&#8221; custom_padding__hover=&#8221;|||&#8221; padding_phone=&#8221;0px|||&#8221;][et_pb_button button_url=&#8221;https:\/\/youtube.com\/shorts\/MPTw0-oJ0zA?feature=share&#8221; button_text=&#8221;Videoyu YouTube&apos;da izleyin&#8221; button_alignment=&#8221;center&#8221; button_alignment_tablet=&#8221;center&#8221; button_alignment_phone=&#8221;center&#8221; button_alignment_last_edited=&#8221;on|phone&#8221; disabled_on=&#8221;off|off|off&#8221; _builder_version=&#8221;4.27.4&#8243; _module_preset=&#8221;default&#8221; custom_button=&#8221;on&#8221; button_text_size=&#8221;20px&#8221; button_text_color=&#8221;#FFFFFF&#8221; button_bg_color=&#8221;#f97400&#8243; button_border_width=&#8221;4px&#8221; button_border_color=&#8221;#f97400&#8243; button_font=&#8221;Josefin Sans|600|||||||&#8221; hover_enabled=&#8221;0&#8243; global_colors_info=&#8221;{}&#8221; url_new_window=&#8221;on&#8221; sticky_enabled=&#8221;0&#8243;][\/et_pb_button][et_pb_video src_webm=&#8221;https:\/\/lolrent.ch\/wp-content\/uploads\/2025\/02\/VID-20250105-WA0029.mp4&#8243; _builder_version=&#8221;4.27.2&#8243; _module_preset=&#8221;default&#8221; width=&#8221;50%&#8221; width_tablet=&#8221;60%&#8221; width_phone=&#8221;60%&#8221; width_last_edited=&#8221;on|phone&#8221; module_alignment=&#8221;center&#8221; global_colors_info=&#8221;{}&#8221;][\/et_pb_video][\/et_pb_column][\/et_pb_row][\/et_pb_section][et_pb_section fb_built=&#8221;1&#8243; admin_label=&#8221;Footer&#8221; _builder_version=&#8221;4.27.2&#8243; background_color=&#8221;#f97400&#8243; background_enable_image=&#8221;off&#8221; custom_padding=&#8221;54px|0px|54px|0px|false|false&#8221; global_colors_info=&#8221;{}&#8221;][et_pb_row _builder_version=&#8221;4.16&#8243; locked=&#8221;off&#8221; global_colors_info=&#8221;{}&#8221;][et_pb_column type=&#8221;4_4&#8243; _builder_version=&#8221;4.16&#8243; custom_padding=&#8221;|||&#8221; global_colors_info=&#8221;{}&#8221; custom_padding__hover=&#8221;|||&#8221;][et_pb_text _builder_version=&#8221;4.27.2&#8243; text_font=&#8221;Josefin Sans||||||||&#8221; text_font_size=&#8221;20px&#8221; text_line_height=&#8221;1.8em&#8221; header_font=&#8221;||||||||&#8221; header_2_font=&#8221;Josefin Sans|700|||||||&#8221; header_2_font_size=&#8221;60px&#8221; header_2_line_height=&#8221;1.4em&#8221; text_orientation=&#8221;center&#8221; background_layout=&#8221;dark&#8221; max_width=&#8221;800px&#8221; module_alignment=&#8221;center&#8221; header_2_font_size_tablet=&#8221;50px&#8221; header_2_font_size_phone=&#8221;34px&#8221; header_2_font_size_last_edited=&#8221;on|phone&#8221; global_colors_info=&#8221;{}&#8221;]<\/p>\n<h2>\u0130leti\u015fim formu<\/h2>\n<p>[\/et_pb_text][\/et_pb_column][\/et_pb_row][et_pb_row _builder_version=&#8221;4.27.2&#8243; _module_preset=&#8221;default&#8221; global_colors_info=&#8221;{}&#8221;][et_pb_column type=&#8221;4_4&#8243; _builder_version=&#8221;4.27.2&#8243; _module_preset=&#8221;default&#8221; global_colors_info=&#8221;{}&#8221;][et_pb_contact_form captcha=&#8221;off&#8221; module_id=&#8221;et_pb_contact_form_0&#8243; _builder_version=&#8221;4.27.2&#8243; form_field_background_color=&#8221;rgba(255,255,255,0.9)&#8221; form_field_text_color=&#8221;rgba(104,109,131,0.6)&#8221; title_font=&#8221;Josefin Sans||||||||&#8221; form_field_font=&#8221;Josefin Sans|700|||||||&#8221; form_field_font_size=&#8221;16px&#8221; custom_button=&#8221;on&#8221; button_text_size=&#8221;14px&#8221; button_text_color=&#8221;#ffffff&#8221; button_bg_color=&#8221;#3050d1&#8243; button_border_width=&#8221;12px&#8221; button_border_color=&#8221;#3050d1&#8243; button_border_radius=&#8221;0px&#8221; button_font=&#8221;Josefin Sans|600||on|||||&#8221; button_use_icon=&#8221;off&#8221; max_width=&#8221;800px&#8221; module_alignment=&#8221;center&#8221; custom_margin=&#8221;|||&#8221; custom_padding=&#8221;|||&#8221; animation_style=&#8221;fold&#8221; animation_direction=&#8221;top&#8221; animation_intensity_fold=&#8221;10%&#8221; form_background_color=&#8221;rgba(255,255,255,0.9)&#8221; global_colors_info=&#8221;{}&#8221;][et_pb_contact_field field_id=&#8221;Name&#8221; field_title=&#8221;Ad\u0131 ve soyad\u0131&#8221; _builder_version=&#8221;4.27.2&#8243; custom_margin=&#8221;||20px|&#8221; global_colors_info=&#8221;{}&#8221; button_text_size__hover_enabled=&#8221;off&#8221; button_one_text_size__hover_enabled=&#8221;off&#8221; button_two_text_size__hover_enabled=&#8221;off&#8221; button_text_color__hover_enabled=&#8221;off&#8221; button_one_text_color__hover_enabled=&#8221;off&#8221; button_two_text_color__hover_enabled=&#8221;off&#8221; button_border_width__hover_enabled=&#8221;off&#8221; button_one_border_width__hover_enabled=&#8221;off&#8221; button_two_border_width__hover_enabled=&#8221;off&#8221; button_border_color__hover_enabled=&#8221;off&#8221; button_one_border_color__hover_enabled=&#8221;off&#8221; button_two_border_color__hover_enabled=&#8221;off&#8221; button_border_radius__hover_enabled=&#8221;off&#8221; button_one_border_radius__hover_enabled=&#8221;off&#8221; button_two_border_radius__hover_enabled=&#8221;off&#8221; button_letter_spacing__hover_enabled=&#8221;off&#8221; button_one_letter_spacing__hover_enabled=&#8221;off&#8221; button_two_letter_spacing__hover_enabled=&#8221;off&#8221; button_bg_color__hover_enabled=&#8221;off&#8221; button_one_bg_color__hover_enabled=&#8221;off&#8221; button_two_bg_color__hover_enabled=&#8221;off&#8221;][\/et_pb_contact_field][et_pb_contact_field field_id=&#8221;Email&#8221; field_title=&#8221;e-posta&#8221; field_type=&#8221;email&#8221; _builder_version=&#8221;4.27.2&#8243; custom_margin=&#8221;||20px|&#8221; global_colors_info=&#8221;{}&#8221; button_text_size__hover_enabled=&#8221;off&#8221; button_one_text_size__hover_enabled=&#8221;off&#8221; button_two_text_size__hover_enabled=&#8221;off&#8221; button_text_color__hover_enabled=&#8221;off&#8221; button_one_text_color__hover_enabled=&#8221;off&#8221; button_two_text_color__hover_enabled=&#8221;off&#8221; button_border_width__hover_enabled=&#8221;off&#8221; button_one_border_width__hover_enabled=&#8221;off&#8221; button_two_border_width__hover_enabled=&#8221;off&#8221; button_border_color__hover_enabled=&#8221;off&#8221; button_one_border_color__hover_enabled=&#8221;off&#8221; button_two_border_color__hover_enabled=&#8221;off&#8221; button_border_radius__hover_enabled=&#8221;off&#8221; button_one_border_radius__hover_enabled=&#8221;off&#8221; button_two_border_radius__hover_enabled=&#8221;off&#8221; button_letter_spacing__hover_enabled=&#8221;off&#8221; button_one_letter_spacing__hover_enabled=&#8221;off&#8221; button_two_letter_spacing__hover_enabled=&#8221;off&#8221; button_bg_color__hover_enabled=&#8221;off&#8221; button_one_bg_color__hover_enabled=&#8221;off&#8221; button_two_bg_color__hover_enabled=&#8221;off&#8221;][\/et_pb_contact_field][et_pb_contact_field field_id=&#8221;Message&#8221; field_title=&#8221;Mesaj&#8221; field_type=&#8221;text&#8221; fullwidth_field=&#8221;on&#8221; _builder_version=&#8221;4.27.2&#8243; custom_margin=&#8221;||30px|&#8221; global_colors_info=&#8221;{}&#8221; button_text_size__hover_enabled=&#8221;off&#8221; button_one_text_size__hover_enabled=&#8221;off&#8221; button_two_text_size__hover_enabled=&#8221;off&#8221; button_text_color__hover_enabled=&#8221;off&#8221; button_one_text_color__hover_enabled=&#8221;off&#8221; button_two_text_color__hover_enabled=&#8221;off&#8221; button_border_width__hover_enabled=&#8221;off&#8221; button_one_border_width__hover_enabled=&#8221;off&#8221; button_two_border_width__hover_enabled=&#8221;off&#8221; button_border_color__hover_enabled=&#8221;off&#8221; button_one_border_color__hover_enabled=&#8221;off&#8221; button_two_border_color__hover_enabled=&#8221;off&#8221; button_border_radius__hover_enabled=&#8221;off&#8221; button_one_border_radius__hover_enabled=&#8221;off&#8221; button_two_border_radius__hover_enabled=&#8221;off&#8221; button_letter_spacing__hover_enabled=&#8221;off&#8221; button_one_letter_spacing__hover_enabled=&#8221;off&#8221; button_two_letter_spacing__hover_enabled=&#8221;off&#8221; button_bg_color__hover_enabled=&#8221;off&#8221; button_one_bg_color__hover_enabled=&#8221;off&#8221; button_two_bg_color__hover_enabled=&#8221;off&#8221;][\/et_pb_contact_field][\/et_pb_contact_form][\/et_pb_column][\/et_pb_row][\/et_pb_section]<\/p>\n","protected":false},"excerpt":{"rendered":"<p>Video A\u00e7\u0131klay\u0131c\u0131 videoyu izleyin Kiralama s\u00fcresinin ba\u015flamas\u0131ndan 2 saat \u00f6nce arac\u0131n kodunu e-posta ile alacaks\u0131n\u0131z Arka kap\u0131da anahtar\u0131n bulundu\u011fu bir kutu var. Kutuyu kod ile a\u00e7abilirsiniz Yolculuktan \u00f6nce arac\u0131n k\u0131sa bir videosunu (d\u0131\u015f g\u00f6r\u00fcn\u00fcm) \u00e7ekin ve QR kodu\/WhatsApp arac\u0131l\u0131\u011f\u0131yla bize g\u00f6nderin L\u00fctfen ayr\u0131lm\u0131\u015f s\u00fcrelere dikkat edin, 10 dakikadan fazla gecikmeler 300 CHF&#8217;ye mal olur. \u0130\u015finiz [&hellip;]<\/p>\n","protected":false},"author":1,"featured_media":0,"parent":0,"menu_order":0,"comment_status":"closed","ping_status":"closed","template":"","meta":{"_et_pb_use_builder":"on","_et_pb_old_content":"","_et_gb_content_width":"","footnotes":""},"class_list":["post-6237","page","type-page","status-publish","hentry"],"yoast_head":"<!-- This site is optimized with the Yoast SEO plugin v24.6 - https:\/\/yoast.com\/wordpress\/plugins\/seo\/ -->\n<title>Video - Transporter mieten Bern, Thun &amp; Z\u00fcrich - lolrent.ch<\/title>\n<meta name=\"robots\" content=\"index, follow, max-snippet:-1, max-image-preview:large, max-video-preview:-1\" \/>\n<link rel=\"canonical\" href=\"https:\/\/lolrent.ch\/tr\/video\/\" \/>\n<meta property=\"og:locale\" content=\"tr_TR\" \/>\n<meta property=\"og:type\" content=\"article\" \/>\n<meta property=\"og:title\" content=\"Video - Transporter mieten Bern, Thun &amp; Z\u00fcrich - lolrent.ch\" \/>\n<meta property=\"og:description\" content=\"Video A\u00e7\u0131klay\u0131c\u0131 videoyu izleyin Kiralama s\u00fcresinin ba\u015flamas\u0131ndan 2 saat \u00f6nce arac\u0131n kodunu e-posta ile alacaks\u0131n\u0131z Arka kap\u0131da anahtar\u0131n bulundu\u011fu bir kutu var. Kutuyu kod ile a\u00e7abilirsiniz Yolculuktan \u00f6nce arac\u0131n k\u0131sa bir videosunu (d\u0131\u015f g\u00f6r\u00fcn\u00fcm) \u00e7ekin ve QR kodu\/WhatsApp arac\u0131l\u0131\u011f\u0131yla bize g\u00f6nderin L\u00fctfen ayr\u0131lm\u0131\u015f s\u00fcrelere dikkat edin, 10 dakikadan fazla gecikmeler 300 CHF&#039;ye mal olur. \u0130\u015finiz [&hellip;]\" \/>\n<meta property=\"og:url\" content=\"https:\/\/lolrent.ch\/tr\/video\/\" \/>\n<meta property=\"og:site_name\" content=\"Transporter mieten Bern, Thun &amp; Z\u00fcrich - lolrent.ch\" \/>\n<meta property=\"article:modified_time\" content=\"2026-03-31T12:39:20+00:00\" \/>\n<meta name=\"twitter:card\" content=\"summary_large_image\" \/>\n<meta name=\"twitter:label1\" content=\"Tahmini okuma s\u00fcresi\" \/>\n\t<meta name=\"twitter:data1\" content=\"7 dakika\" \/>\n<script type=\"application\/ld+json\" class=\"yoast-schema-graph\">{\"@context\":\"https:\/\/schema.org\",\"@graph\":[{\"@type\":\"WebPage\",\"@id\":\"https:\/\/lolrent.ch\/tr\/video\/\",\"url\":\"https:\/\/lolrent.ch\/tr\/video\/\",\"name\":\"Video - Transporter mieten Bern, Thun &amp; Z\u00fcrich - lolrent.ch\",\"isPartOf\":{\"@id\":\"https:\/\/lolrent.ch\/tr\/#website\"},\"datePublished\":\"2025-02-05T10:40:09+00:00\",\"dateModified\":\"2026-03-31T12:39:20+00:00\",\"breadcrumb\":{\"@id\":\"https:\/\/lolrent.ch\/tr\/video\/#breadcrumb\"},\"inLanguage\":\"tr\",\"potentialAction\":[{\"@type\":\"ReadAction\",\"target\":[\"https:\/\/lolrent.ch\/tr\/video\/\"]}]},{\"@type\":\"BreadcrumbList\",\"@id\":\"https:\/\/lolrent.ch\/tr\/video\/#breadcrumb\",\"itemListElement\":[{\"@type\":\"ListItem\",\"position\":1,\"name\":\"Startseite\",\"item\":\"https:\/\/lolrent.ch\/tr\/\"},{\"@type\":\"ListItem\",\"position\":2,\"name\":\"Video\"}]},{\"@type\":\"WebSite\",\"@id\":\"https:\/\/lolrent.ch\/tr\/#website\",\"url\":\"https:\/\/lolrent.ch\/tr\/\",\"name\":\"Transporter mieten Bern, Thun &amp; Z\u00fcrich - lolrent.ch\",\"description\":\"\",\"potentialAction\":[{\"@type\":\"SearchAction\",\"target\":{\"@type\":\"EntryPoint\",\"urlTemplate\":\"https:\/\/lolrent.ch\/tr\/?s={search_term_string}\"},\"query-input\":{\"@type\":\"PropertyValueSpecification\",\"valueRequired\":true,\"valueName\":\"search_term_string\"}}],\"inLanguage\":\"tr\"}]}<\/script>\n<!-- \/ Yoast SEO plugin. -->","yoast_head_json":{"title":"Video - Transporter mieten Bern, Thun &amp; Z\u00fcrich - lolrent.ch","robots":{"index":"index","follow":"follow","max-snippet":"max-snippet:-1","max-image-preview":"max-image-preview:large","max-video-preview":"max-video-preview:-1"},"canonical":"https:\/\/lolrent.ch\/tr\/video\/","og_locale":"tr_TR","og_type":"article","og_title":"Video - Transporter mieten Bern, Thun &amp; Z\u00fcrich - lolrent.ch","og_description":"Video A\u00e7\u0131klay\u0131c\u0131 videoyu izleyin Kiralama s\u00fcresinin ba\u015flamas\u0131ndan 2 saat \u00f6nce arac\u0131n kodunu e-posta ile alacaks\u0131n\u0131z Arka kap\u0131da anahtar\u0131n bulundu\u011fu bir kutu var. Kutuyu kod ile a\u00e7abilirsiniz Yolculuktan \u00f6nce arac\u0131n k\u0131sa bir videosunu (d\u0131\u015f g\u00f6r\u00fcn\u00fcm) \u00e7ekin ve QR kodu\/WhatsApp arac\u0131l\u0131\u011f\u0131yla bize g\u00f6nderin L\u00fctfen ayr\u0131lm\u0131\u015f s\u00fcrelere dikkat edin, 10 dakikadan fazla gecikmeler 300 CHF'ye mal olur. \u0130\u015finiz [&hellip;]","og_url":"https:\/\/lolrent.ch\/tr\/video\/","og_site_name":"Transporter mieten Bern, Thun &amp; Z\u00fcrich - lolrent.ch","article_modified_time":"2026-03-31T12:39:20+00:00","twitter_card":"summary_large_image","twitter_misc":{"Tahmini okuma s\u00fcresi":"7 dakika"},"schema":{"@context":"https:\/\/schema.org","@graph":[{"@type":"WebPage","@id":"https:\/\/lolrent.ch\/tr\/video\/","url":"https:\/\/lolrent.ch\/tr\/video\/","name":"Video - Transporter mieten Bern, Thun &amp; Z\u00fcrich - lolrent.ch","isPartOf":{"@id":"https:\/\/lolrent.ch\/tr\/#website"},"datePublished":"2025-02-05T10:40:09+00:00","dateModified":"2026-03-31T12:39:20+00:00","breadcrumb":{"@id":"https:\/\/lolrent.ch\/tr\/video\/#breadcrumb"},"inLanguage":"tr","potentialAction":[{"@type":"ReadAction","target":["https:\/\/lolrent.ch\/tr\/video\/"]}]},{"@type":"BreadcrumbList","@id":"https:\/\/lolrent.ch\/tr\/video\/#breadcrumb","itemListElement":[{"@type":"ListItem","position":1,"name":"Startseite","item":"https:\/\/lolrent.ch\/tr\/"},{"@type":"ListItem","position":2,"name":"Video"}]},{"@type":"WebSite","@id":"https:\/\/lolrent.ch\/tr\/#website","url":"https:\/\/lolrent.ch\/tr\/","name":"Transporter mieten Bern, Thun &amp; Z\u00fcrich - lolrent.ch","description":"","potentialAction":[{"@type":"SearchAction","target":{"@type":"EntryPoint","urlTemplate":"https:\/\/lolrent.ch\/tr\/?s={search_term_string}"},"query-input":{"@type":"PropertyValueSpecification","valueRequired":true,"valueName":"search_term_string"}}],"inLanguage":"tr"}]}},"_links":{"self":[{"href":"https:\/\/lolrent.ch\/tr\/wp-json\/wp\/v2\/pages\/6237","targetHints":{"allow":["GET"]}}],"collection":[{"href":"https:\/\/lolrent.ch\/tr\/wp-json\/wp\/v2\/pages"}],"about":[{"href":"https:\/\/lolrent.ch\/tr\/wp-json\/wp\/v2\/types\/page"}],"author":[{"embeddable":true,"href":"https:\/\/lolrent.ch\/tr\/wp-json\/wp\/v2\/users\/1"}],"replies":[{"embeddable":true,"href":"https:\/\/lolrent.ch\/tr\/wp-json\/wp\/v2\/comments?post=6237"}],"version-history":[{"count":11,"href":"https:\/\/lolrent.ch\/tr\/wp-json\/wp\/v2\/pages\/6237\/revisions"}],"predecessor-version":[{"id":8358,"href":"https:\/\/lolrent.ch\/tr\/wp-json\/wp\/v2\/pages\/6237\/revisions\/8358"}],"wp:attachment":[{"href":"https:\/\/lolrent.ch\/tr\/wp-json\/wp\/v2\/media?parent=6237"}],"curies":[{"name":"wp","href":"https:\/\/api.w.org\/{rel}","templated":true}]}}